{"id":563,"date":"2016-05-24T10:15:10","date_gmt":"2016-05-24T10:15:10","guid":{"rendered":"https:\/\/fleur.qodeinteractive.com\/?page_id=563"},"modified":"2025-10-23T14:02:21","modified_gmt":"2025-10-23T12:02:21","slug":"rsvp-2","status":"publish","type":"page","link":"https:\/\/mariage.lacombe.world\/?page_id=563","title":{"rendered":"Votre participation"},"content":{"rendered":"<div class=\"wpb-content-wrapper\">[vc_row content_width=\u00a0\u00bbgrid\u00a0\u00bb css=\u00a0\u00bb.vc_custom_1760791064193{padding-top: 114px !important;padding-bottom: 76px !important;background-color: #ffffff !important;}\u00a0\u00bb][vc_column]<div class=\"mkd-section-title-holder\">\n\t<h2 class=\"mkd-section-title\" style=\"text-transform: uppercase;text-align: center\">\n\t\tDonnez votre r\u00e9ponse    <\/h2>\n<\/div><div class=\"mkd-separator-with-icon-holder clearfix mkd-default-icon\" style=\"margin-top: 10px;margin-bottom: 25px\">\n\n\t<span class=\"mkd-separator-left\" ><\/span>\n\t\t\t<div class=\"mkd-default-icon-holder\" ><\/div>\n\t\t<span class=\"mkd-separator-right\" ><\/span>\n<\/div><div class=\"mkd-section-subtitle-holder mkd-section-subtitle-center\" style=\"width: 77%\">\n\t<p style=\"text-align: center\" class=\"mkd-section-subtitle\">Merci de bien vouloir remplir ce formulaire pour nous informer de votre participation ou non \u00e0 notre mariage. Nous souhaitons avoir vos r\u00e9ponse <b>avant le 15 mai<\/b>. Si vous souhaitez changer les informations transmises pr\u00e9c\u00e9demment, remplissez juste \u00e0 nouveau ce formulaire.<\/p>\n<\/div><div class=\"mkd-elements-holder mkd-responsive-mode-768\" ><div class=\"mkd-elements-holder-item mkd-horizontal-alignment-left\" data-item-class=\"mkd-elements-holder-custom-519096\" data-1280-1440=\"0 12%\" data-1024-1280=\"0 12%\" data-768-1024=\"0%\" data-600-768=\"0%\" data-480-600=\"0%\" data-480=\"0%\" >\n\t<div class=\"mkd-elements-holder-item-inner\" style=\"mkd-elements-holder-item-inner\">\n\t\t<div class=\"mkd-elements-holder-item-content mkd-elements-holder-custom-519096\" style=\"padding: 0 12%\">\n\t\t\t[vc_raw_html css=\u00a0\u00bb.vc_custom_1761216056190{margin-top: 70px !important;}\u00a0\u00bb]JTVCZm9ybWlkYWJsZSUyMGlkJTNEJTIyMiUyMiU1RA==[\/vc_raw_html]\t\t<\/div>\n\t<\/div>\n<\/div><\/div>[\/vc_column][\/vc_row]\n<\/div>","protected":false},"excerpt":{"rendered":"<p>[vc_row content_width=\u00a0\u00bbgrid\u00a0\u00bb css=\u00a0\u00bb.vc_custom_1760791064193{padding-top: 114px !important;padding-bottom: 76px !important;background-color: #ffffff !important;}\u00a0\u00bb][vc_column][\/vc_column][\/vc_row]<\/p>\n","protected":false},"author":1,"featured_media":0,"parent":0,"menu_order":0,"comment_status":"closed","ping_status":"closed","template":"full-width.php","meta":{"footnotes":""},"class_list":["post-563","page","type-page","status-publish","hentry"],"_links":{"self":[{"href":"https:\/\/mariage.lacombe.world\/index.php?rest_route=\/wp\/v2\/pages\/563","targetHints":{"allow":["GET"]}}],"collection":[{"href":"https:\/\/mariage.lacombe.world\/index.php?rest_route=\/wp\/v2\/pages"}],"about":[{"href":"https:\/\/mariage.lacombe.world\/index.php?rest_route=\/wp\/v2\/types\/page"}],"author":[{"embeddable":true,"href":"https:\/\/mariage.lacombe.world\/index.php?rest_route=\/wp\/v2\/users\/1"}],"replies":[{"embeddable":true,"href":"https:\/\/mariage.lacombe.world\/index.php?rest_route=%2Fwp%2Fv2%2Fcomments&post=563"}],"version-history":[{"count":10,"href":"https:\/\/mariage.lacombe.world\/index.php?rest_route=\/wp\/v2\/pages\/563\/revisions"}],"predecessor-version":[{"id":12344,"href":"https:\/\/mariage.lacombe.world\/index.php?rest_route=\/wp\/v2\/pages\/563\/revisions\/12344"}],"wp:attachment":[{"href":"https:\/\/mariage.lacombe.world\/index.php?rest_route=%2Fwp%2Fv2%2Fmedia&parent=563"}],"curies":[{"name":"wp","href":"https:\/\/api.w.org\/{rel}","templated":true}]}}