{"id":44,"date":"2025-10-11T22:38:29","date_gmt":"2025-10-11T20:38:29","guid":{"rendered":"https:\/\/mariage.lacombe.world\/?page_id=44"},"modified":"2025-10-22T02:07:45","modified_gmt":"2025-10-22T00:07:45","slug":"telechargez-les-photos-des-maries","status":"publish","type":"page","link":"https:\/\/mariage.lacombe.world\/?page_id=44","title":{"rendered":"T\u00e9l\u00e9chargez les photos des mari\u00e9s !"},"content":{"rendered":"<div class=\"wpb-content-wrapper\">[vc_row content_width=\u00a0\u00bbgrid\u00a0\u00bb][vc_column][vc_column_text css=\u00a0\u00bb\u00a0\u00bb]\r\n\n<!-- User Submitted Posts @ https:\/\/m0n.co\/usp -->\n\n<div id=\"user-submitted-posts\">\n\t\t\n\t<form id=\"usp_form\" method=\"post\" enctype=\"multipart\/form-data\" action=\"\">\n\t\t<div id=\"usp-error-message\" class=\"usp-callout-failure usp-hidden\">Veuillez remplir les champs obligatoires.<\/div>\n\t\t\t\t\n\t\t<fieldset class=\"usp-name\">\n\t\t\t<label for=\"user-submitted-name\">Votre nom<\/label>\n\t\t\t<input id=\"user-submitted-name\" name=\"user-submitted-name\" type=\"text\" value=\"\" placeholder=\"Votre nom\" data-required=\"true\" required class=\"usp-input\">\n\t\t<\/fieldset>\n\t\t\t\t\n\t\t<fieldset class=\"usp-title\">\n\t\t\t<label for=\"user-submitted-title\">Photo title<\/label>\n\t\t\t<input id=\"user-submitted-title\" name=\"user-submitted-title\" type=\"text\" value=\"\" placeholder=\"Photo title\" data-required=\"true\" required class=\"usp-input\">\n\t\t<\/fieldset>\n\t\t\t\t\n\t\t<fieldset class=\"usp-content\">\n\t\t\t\t\t\t\t\n\t\t\t<label for=\"user-submitted-content\">Photo description (optional)<\/label>\n\t\t\t<textarea id=\"user-submitted-content\" name=\"user-submitted-content\" rows=\"5\" placeholder=\"Photo description (optional)\" class=\"usp-textarea\"><\/textarea>\n\t\t\t\t\t\t\n\t\t<\/fieldset>\n\t\t\t\t\t\t\n\t\t<fieldset class=\"usp-images\">\n\t\t\t<label for=\"user-submitted-image\">T\u00e9l\u00e9charger une image<\/label>\n\t\t\t<div id=\"usp-upload-message\">Veuillez s\u00e9lectionner votre photo \u00e0 t\u00e9l\u00e9charger.<\/div>\n\t\t\t<div id=\"user-submitted-image\">\n\t\t\t\t\t\t\t\t\t\t\t\t\t\n\t\t\t\t<input name=\"user-submitted-image[]\" type=\"file\" size=\"25\" data-required=\"true\" required class=\"usp-input usp-clone\" accept=\"image\/*\">\n\t\t\t\t\t\t\t\t\t\t\t\t\t\t\t\n\t\t\t<\/div>\n\t\t\t<input type=\"hidden\" class=\"usp-hidden\" id=\"usp-min-images\" name=\"usp-min-images\" value=\"1\">\n\t\t\t<input type=\"hidden\" class=\"usp-hidden\" id=\"usp-max-images\" name=\"usp-max-images\" value=\"1\">\n\t\t<\/fieldset>\n\t\t\t\t\t\t\n\t\t<fieldset id=\"usp_verify\" style=\"display:none;\">\n\t\t\t<label for=\"user-submitted-verify\">V\u00e9rification humaine\u00a0: laissez ce champ vide.<\/label>\n\t\t\t<input id=\"user-submitted-verify\" name=\"user-submitted-verify\" type=\"text\" value=\"\" data-parsley-excluded=\"true\">\n\t\t<\/fieldset>\n\t\t\n\t\t\t\t\n\t\t<div id=\"usp-submit\">\n\t\t\t\t\t\t\t\t\t\t\t\t\t\t\t\t\t\t\n\t\t\t<input type=\"hidden\" class=\"usp-hidden\" name=\"user-submitted-category\" value=\"129\">\n\t\t\t\t\t\t\n\t\t\t<input type=\"submit\" class=\"usp-submit\" id=\"user-submitted-post\" name=\"user-submitted-post\" value=\"Soumettre un message\">\n\t\t\t<input type=\"hidden\" id=\"usp-nonce\" name=\"usp-nonce\" value=\"2a3fc977ca\" \/>\t\t\t\n\t\t<\/div>\n\t\t\n\t<\/form>\n<\/div>\n<script>(function(){var e = document.getElementById('usp_verify'); if(e) e.parentNode.removeChild(e);})();<\/script>\n\n\r\n<!-- \/wp:post-content -->\r\n<p>&nbsp;<\/p>\r\n[\/vc_column_text]<div class = \"mkd-portfolio-list-holder-outer mkd-ptf-standard mkd-ptf-with-spaces mkd-ptf-three-columns mkd-info-center mkd-hover-light\" data-next-page= \"2\" data-type= \"standard\" data-columns= \"three\" data-grid-size= \"three\" data-order-by= \"date\" data-order= \"DESC\" data-number= \"-1\" data-image-size= \"full\" data-filter= \"no\" data-filter-order-by= \"name\" data-category= \"photo-maries\" data-show-load-more= \"no\" data-title-tag= \"h4\" data-show-excerpt= \"yes\"  data-max-num-pages = 0><div class = \"mkd-portfolio-list-holder  clearfix\" >\t<article class=\"mkd-portfolio-item mix portfolio_category_130\">\n\t\t<div class=\"mkd-ptf-item-image-holder\">\n\t\t\t<div class=\"mkd-ptf-item-hover-holder\">\n\t\t\t\t<a href=\"https:\/\/mariage.lacombe.world\/?portfolio-item=montreal-catherine\" target=\"_self\">\n\t\t\t\t\t\t\t\t\t\t\t<img loading=\"lazy\" decoding=\"async\" width=\"1984\" height=\"1116\" src=\"https:\/\/mariage.lacombe.world\/wp-content\/uploads\/2026\/03\/1000016927.jpg\" class=\"attachment-full size-full wp-post-image\" alt=\"\" srcset=\"https:\/\/mariage.lacombe.world\/wp-content\/uploads\/2026\/03\/1000016927.jpg 1984w, https:\/\/mariage.lacombe.world\/wp-content\/uploads\/2026\/03\/1000016927-300x169.jpg 300w\" sizes=\"auto, (max-width: 1984px) 100vw, 1984px\" \/>\t\t\t\t\t\t\t\t\t\t<span class=\"mkd-ptf-portfolio-overlay-bg\"><\/span>\n\t\t\t\t<\/a>\n\n\t\t\t\t\t\t\t\t\t<a class=\"mkd-ptf-portfolio-overlay-icon\"\n\t\t\t\t\t   href=\"https:\/\/mariage.lacombe.world\/wp-content\/uploads\/2026\/03\/1000016927.jpg\"\n\t\t\t\t\t   data-rel=\"prettyPhoto[portfolio-standard]\">\n\t\t\t\t\t\t\t\t\t\t\t\t<i class=\"mkd-icon-linear-icon lnr lnr-magnifier \" ><\/i>\t\t\t\t\t<\/a>\n\t\t\t<\/div>\n\t\t<\/div>\n\t\t<div class=\"mkd-ptf-item-text-holder\">\n\t\t\t<div class=\"mkd-ptf-item-text-holder-inner\">\n\t\t\t\t<h4 class=\"mkd-ptf-item-title\">\n\t\t\t\t<a href=\"https:\/\/mariage.lacombe.world\/?portfolio-item=montreal-catherine\">\n\t\t\t\t\tMontr\u00e9al (Catherine)\t\t\t\t<\/a>\n\t\t\t<\/h4>\n\t\t<\/div>\n\t\t<\/div>\n\t<\/article>\n\t<article class=\"mkd-portfolio-item mix portfolio_category_130\">\n\t\t<div class=\"mkd-ptf-item-image-holder\">\n\t\t\t<div class=\"mkd-ptf-item-hover-holder\">\n\t\t\t\t<a href=\"https:\/\/mariage.lacombe.world\/?portfolio-item=randonnee-margaux\" target=\"_self\">\n\t\t\t\t\t\t\t\t\t\t\t<img loading=\"lazy\" decoding=\"async\" width=\"900\" height=\"1600\" src=\"https:\/\/mariage.lacombe.world\/wp-content\/uploads\/2025\/11\/3228CAFE-.jpeg\" class=\"attachment-full size-full wp-post-image\" alt=\"\" srcset=\"https:\/\/mariage.lacombe.world\/wp-content\/uploads\/2025\/11\/3228CAFE-.jpeg 900w, https:\/\/mariage.lacombe.world\/wp-content\/uploads\/2025\/11\/3228CAFE--169x300.jpeg 169w\" sizes=\"auto, (max-width: 900px) 100vw, 900px\" \/>\t\t\t\t\t\t\t\t\t\t<span class=\"mkd-ptf-portfolio-overlay-bg\"><\/span>\n\t\t\t\t<\/a>\n\n\t\t\t\t\t\t\t\t\t<a class=\"mkd-ptf-portfolio-overlay-icon\"\n\t\t\t\t\t   href=\"https:\/\/mariage.lacombe.world\/wp-content\/uploads\/2025\/11\/3228CAFE-.jpeg\"\n\t\t\t\t\t   data-rel=\"prettyPhoto[portfolio-standard]\">\n\t\t\t\t\t\t\t\t\t\t\t\t<i class=\"mkd-icon-linear-icon lnr lnr-magnifier \" ><\/i>\t\t\t\t\t<\/a>\n\t\t\t<\/div>\n\t\t<\/div>\n\t\t<div class=\"mkd-ptf-item-text-holder\">\n\t\t\t<div class=\"mkd-ptf-item-text-holder-inner\">\n\t\t\t\t<h4 class=\"mkd-ptf-item-title\">\n\t\t\t\t<a href=\"https:\/\/mariage.lacombe.world\/?portfolio-item=randonnee-margaux\">\n\t\t\t\t\tRandonn\u00e9e (Margaux)\t\t\t\t<\/a>\n\t\t\t<\/h4>\n\t\t<\/div>\n\t\t<\/div>\n\t<\/article>\n\t<article class=\"mkd-portfolio-item mix portfolio_category_130\">\n\t\t<div class=\"mkd-ptf-item-image-holder\">\n\t\t\t<div class=\"mkd-ptf-item-hover-holder\">\n\t\t\t\t<a href=\"https:\/\/mariage.lacombe.world\/?portfolio-item=juju-et-moi-en-maternelle-primaire-pauline\" target=\"_self\">\n\t\t\t\t\t\t\t\t\t\t\t<img loading=\"lazy\" decoding=\"async\" width=\"1431\" height=\"2048\" src=\"https:\/\/mariage.lacombe.world\/wp-content\/uploads\/2025\/10\/jujupopo.jpeg\" class=\"attachment-full size-full wp-post-image\" alt=\"\" srcset=\"https:\/\/mariage.lacombe.world\/wp-content\/uploads\/2025\/10\/jujupopo.jpeg 1431w, https:\/\/mariage.lacombe.world\/wp-content\/uploads\/2025\/10\/jujupopo-210x300.jpeg 210w, https:\/\/mariage.lacombe.world\/wp-content\/uploads\/2025\/10\/jujupopo-716x1024.jpeg 716w, https:\/\/mariage.lacombe.world\/wp-content\/uploads\/2025\/10\/jujupopo-768x1099.jpeg 768w, https:\/\/mariage.lacombe.world\/wp-content\/uploads\/2025\/10\/jujupopo-1073x1536.jpeg 1073w\" sizes=\"auto, (max-width: 1431px) 100vw, 1431px\" \/>\t\t\t\t\t\t\t\t\t\t<span class=\"mkd-ptf-portfolio-overlay-bg\"><\/span>\n\t\t\t\t<\/a>\n\n\t\t\t\t\t\t\t\t\t<a class=\"mkd-ptf-portfolio-overlay-icon\"\n\t\t\t\t\t   href=\"https:\/\/mariage.lacombe.world\/wp-content\/uploads\/2025\/10\/jujupopo.jpeg\"\n\t\t\t\t\t   data-rel=\"prettyPhoto[portfolio-standard]\">\n\t\t\t\t\t\t\t\t\t\t\t\t<i class=\"mkd-icon-linear-icon lnr lnr-magnifier \" ><\/i>\t\t\t\t\t<\/a>\n\t\t\t<\/div>\n\t\t<\/div>\n\t\t<div class=\"mkd-ptf-item-text-holder\">\n\t\t\t<div class=\"mkd-ptf-item-text-holder-inner\">\n\t\t\t\t<h4 class=\"mkd-ptf-item-title\">\n\t\t\t\t<a href=\"https:\/\/mariage.lacombe.world\/?portfolio-item=juju-et-moi-en-maternelle-primaire-pauline\">\n\t\t\t\t\tJuju et moi en maternelle\/primaire (Pauline)\t\t\t\t<\/a>\n\t\t\t<\/h4>\n\t\t<\/div>\n\t\t<\/div>\n\t<\/article>\n<div class=\"mkd-ptf-gap\"><\/div><div class=\"mkd-ptf-gap\"><\/div><\/div><\/div>[\/vc_column][\/vc_row]<\/div>","protected":false},"excerpt":{"rendered":"<p>[vc_row content_width=\u00a0\u00bbgrid\u00a0\u00bb][vc_column][vc_column_text css=\u00a0\u00bb\u00a0\u00bb] &nbsp; [\/vc_column_text][\/vc_column][\/vc_row]<\/p>\n","protected":false},"author":1,"featured_media":0,"parent":0,"menu_order":0,"comment_status":"closed","ping_status":"closed","template":"full-width.php","meta":{"footnotes":""},"class_list":["post-44","page","type-page","status-publish","hentry"],"_links":{"self":[{"href":"https:\/\/mariage.lacombe.world\/index.php?rest_route=\/wp\/v2\/pages\/44","targetHints":{"allow":["GET"]}}],"collection":[{"href":"https:\/\/mariage.lacombe.world\/index.php?rest_route=\/wp\/v2\/pages"}],"about":[{"href":"https:\/\/mariage.lacombe.world\/index.php?rest_route=\/wp\/v2\/types\/page"}],"author":[{"embeddable":true,"href":"https:\/\/mariage.lacombe.world\/index.php?rest_route=\/wp\/v2\/users\/1"}],"replies":[{"embeddable":true,"href":"https:\/\/mariage.lacombe.world\/index.php?rest_route=%2Fwp%2Fv2%2Fcomments&post=44"}],"version-history":[{"count":17,"href":"https:\/\/mariage.lacombe.world\/index.php?rest_route=\/wp\/v2\/pages\/44\/revisions"}],"predecessor-version":[{"id":12231,"href":"https:\/\/mariage.lacombe.world\/index.php?rest_route=\/wp\/v2\/pages\/44\/revisions\/12231"}],"wp:attachment":[{"href":"https:\/\/mariage.lacombe.world\/index.php?rest_route=%2Fwp%2Fv2%2Fmedia&parent=44"}],"curies":[{"name":"wp","href":"https:\/\/api.w.org\/{rel}","templated":true}]}}