{"id":11934,"date":"2025-10-17T21:11:57","date_gmt":"2025-10-17T19:11:57","guid":{"rendered":"https:\/\/mariage.lacombe.world\/?page_id=11934"},"modified":"2025-10-23T13:54:51","modified_gmt":"2025-10-23T11:54:51","slug":"deroule-du-mariage","status":"publish","type":"page","link":"https:\/\/mariage.lacombe.world\/?page_id=11934","title":{"rendered":"D\u00e9roul\u00e9 du mariage"},"content":{"rendered":"<div class=\"wpb-content-wrapper\">[vc_row][vc_column width=\u00a0\u00bb5\/6&Prime;]<div class=\"mkd-elements-holder mkd-responsive-mode-768\" ><div class=\"mkd-elements-holder-item mkd-horizontal-alignment-left\" data-item-class=\"mkd-elements-holder-custom-808880\" >\n\t<div class=\"mkd-elements-holder-item-inner\" style=\"mkd-elements-holder-item-inner\">\n\t\t<div class=\"mkd-elements-holder-item-content mkd-elements-holder-custom-808880\" >\n\t\t\t\n<div class=\"mkd-custom-font-holder\" style=\"font-family: Raleway;font-size: 48px;line-height: 58px;font-weight: 400;text-transform: Uppercase;text-align: left;color: #4A3E5A\" data-font-size= 48  data-line-height= 58>\nSamedi 20 juin<\/div><div class=\"mkd-static-text-slider-holder\">\n    <div class=\"mkd-static-text-slider-images-holder\">\n        <div class=\"flexslider\">\n            <ul class=\"slides\">\n                            <li>\n                    <img loading=\"lazy\" decoding=\"async\" width=\"1024\" height=\"683\" src=\"https:\/\/mariage.lacombe.world\/wp-content\/uploads\/2025\/10\/40798821243_38c053e622_b.jpg\" class=\"attachment-full size-full\" alt=\"\" \/>                <\/li>\n                        <\/ul>\n        <\/div>\n    <\/div>\n    <div class=\"mkd-static-text-slider-text-holder\">\n        <div class=\"mkd-static-text-slider-text\">\n            <div class=\"mkd-static-text-slider-text-inner\">\n                                    <h3> 15h30 - C\u00e9r\u00e9monie Civile<\/h3>\n                                                    <p> Au ch\u00e2teau de l\u2019Ermitage \u00e0 Gradignan, rendez-vous pour la c\u00e9l\u00e9bration du mariage dans un cadre romantique et verdoyant. Merci d\u2019arriver quelques minutes en avance pour vous installer.<\/p>\n                                            <\/div>\n        <\/div>\n    <\/div>\n<\/div>[vc_empty_space]<div class=\"mkd-static-text-slider-holder\">\n    <div class=\"mkd-static-text-slider-images-holder\">\n        <div class=\"flexslider\">\n            <ul class=\"slides\">\n                            <li>\n                    <img loading=\"lazy\" decoding=\"async\" width=\"1500\" height=\"800\" src=\"https:\/\/mariage.lacombe.world\/wp-content\/uploads\/2025\/10\/Arrivee_SHL_-__Jean_Barge.jpg\" class=\"attachment-full size-full\" alt=\"\" \/>                <\/li>\n                        <\/ul>\n        <\/div>\n    <\/div>\n    <div class=\"mkd-static-text-slider-text-holder\">\n        <div class=\"mkd-static-text-slider-text\">\n            <div class=\"mkd-static-text-slider-text-inner\">\n                                    <h3> 16h30 - Accueil des convives<\/h3>\n                                                    <p> Au Ch\u00e2teau Smith Haut Lafitte \u00e0 Martillac, accueil des invit\u00e9s autour de boissons rafra\u00eechissantes, dans les jardins du domaine.<\/p>\n                                            <\/div>\n        <\/div>\n    <\/div>\n<\/div>[vc_empty_space]<div class=\"mkd-static-text-slider-holder\">\n    <div class=\"mkd-static-text-slider-images-holder\">\n        <div class=\"flexslider\">\n            <ul class=\"slides\">\n                            <li>\n                    <img loading=\"lazy\" decoding=\"async\" width=\"1600\" height=\"1068\" src=\"https:\/\/mariage.lacombe.world\/wp-content\/uploads\/2025\/10\/mariage-elegant-chateausmithhautlafitte-thelovers-blogmariage-lamarieeauxpiedsnus-119.jpg\" class=\"attachment-full size-full\" alt=\"\" srcset=\"https:\/\/mariage.lacombe.world\/wp-content\/uploads\/2025\/10\/mariage-elegant-chateausmithhautlafitte-thelovers-blogmariage-lamarieeauxpiedsnus-119.jpg 1600w, https:\/\/mariage.lacombe.world\/wp-content\/uploads\/2025\/10\/mariage-elegant-chateausmithhautlafitte-thelovers-blogmariage-lamarieeauxpiedsnus-119-300x200.jpg 300w, https:\/\/mariage.lacombe.world\/wp-content\/uploads\/2025\/10\/mariage-elegant-chateausmithhautlafitte-thelovers-blogmariage-lamarieeauxpiedsnus-119-1024x684.jpg 1024w, https:\/\/mariage.lacombe.world\/wp-content\/uploads\/2025\/10\/mariage-elegant-chateausmithhautlafitte-thelovers-blogmariage-lamarieeauxpiedsnus-119-768x513.jpg 768w, https:\/\/mariage.lacombe.world\/wp-content\/uploads\/2025\/10\/mariage-elegant-chateausmithhautlafitte-thelovers-blogmariage-lamarieeauxpiedsnus-119-1536x1025.jpg 1536w\" sizes=\"auto, (max-width: 1600px) 100vw, 1600px\" \/>                <\/li>\n                            <li>\n                    <img loading=\"lazy\" decoding=\"async\" width=\"1600\" height=\"1068\" src=\"https:\/\/mariage.lacombe.world\/wp-content\/uploads\/2025\/10\/WhatsApp-Image-2025-10-15-a-16.45.46_11518b4e-e1760734448599.jpg\" class=\"attachment-full size-full\" alt=\"\" srcset=\"https:\/\/mariage.lacombe.world\/wp-content\/uploads\/2025\/10\/WhatsApp-Image-2025-10-15-a-16.45.46_11518b4e-e1760734448599.jpg 1600w, https:\/\/mariage.lacombe.world\/wp-content\/uploads\/2025\/10\/WhatsApp-Image-2025-10-15-a-16.45.46_11518b4e-e1760734448599-300x200.jpg 300w, https:\/\/mariage.lacombe.world\/wp-content\/uploads\/2025\/10\/WhatsApp-Image-2025-10-15-a-16.45.46_11518b4e-e1760734448599-768x513.jpg 768w, https:\/\/mariage.lacombe.world\/wp-content\/uploads\/2025\/10\/WhatsApp-Image-2025-10-15-a-16.45.46_11518b4e-e1760734448599-1024x684.jpg 1024w, https:\/\/mariage.lacombe.world\/wp-content\/uploads\/2025\/10\/WhatsApp-Image-2025-10-15-a-16.45.46_11518b4e-e1760734448599-1536x1025.jpg 1536w\" sizes=\"auto, (max-width: 1600px) 100vw, 1600px\" \/>                <\/li>\n                        <\/ul>\n        <\/div>\n    <\/div>\n    <div class=\"mkd-static-text-slider-text-holder\">\n        <div class=\"mkd-static-text-slider-text\">\n            <div class=\"mkd-static-text-slider-text-inner\">\n                                    <h3> 17h30 - Cocktail et visite des caves<\/h3>\n                                                    <p> Profitez d\u2019un moment convivial autour d\u2019un cocktail. Pour les amateurs, possibilit\u00e9 de participer \u00e0 une visite guid\u00e9e des caves du ch\u00e2teau.<\/p>\n                                            <\/div>\n        <\/div>\n    <\/div>\n<\/div>[vc_empty_space]<div class=\"mkd-static-text-slider-holder\">\n    <div class=\"mkd-static-text-slider-images-holder\">\n        <div class=\"flexslider\">\n            <ul class=\"slides\">\n                            <li>\n                    <img loading=\"lazy\" decoding=\"async\" width=\"1625\" height=\"844\" src=\"https:\/\/mariage.lacombe.world\/wp-content\/uploads\/2025\/10\/location-mariage-chateau-bordeaux.jpg.webp\" class=\"attachment-full size-full\" alt=\"\" srcset=\"https:\/\/mariage.lacombe.world\/wp-content\/uploads\/2025\/10\/location-mariage-chateau-bordeaux.jpg.webp 1625w, https:\/\/mariage.lacombe.world\/wp-content\/uploads\/2025\/10\/location-mariage-chateau-bordeaux.jpg-300x156.webp 300w, https:\/\/mariage.lacombe.world\/wp-content\/uploads\/2025\/10\/location-mariage-chateau-bordeaux.jpg-1024x532.webp 1024w, https:\/\/mariage.lacombe.world\/wp-content\/uploads\/2025\/10\/location-mariage-chateau-bordeaux.jpg-768x399.webp 768w, https:\/\/mariage.lacombe.world\/wp-content\/uploads\/2025\/10\/location-mariage-chateau-bordeaux.jpg-1536x798.webp 1536w\" sizes=\"auto, (max-width: 1625px) 100vw, 1625px\" \/>                <\/li>\n                        <\/ul>\n        <\/div>\n    <\/div>\n    <div class=\"mkd-static-text-slider-text-holder\">\n        <div class=\"mkd-static-text-slider-text\">\n            <div class=\"mkd-static-text-slider-text-inner\">\n                                    <h3> 20h30 - Diner<\/h3>\n                                                    <p> D\u00eener festif et gourmand dans une ambiance chaleureuse. Discours, animations avant l&#039;ouverture du bal par les mari\u00e9s.<\/p>\n                                            <\/div>\n        <\/div>\n    <\/div>\n<\/div>[vc_empty_space]<div class=\"mkd-static-text-slider-holder\">\n    <div class=\"mkd-static-text-slider-images-holder\">\n        <div class=\"flexslider\">\n            <ul class=\"slides\">\n                            <li>\n                    <img loading=\"lazy\" decoding=\"async\" width=\"1280\" height=\"720\" src=\"https:\/\/mariage.lacombe.world\/wp-content\/uploads\/2025\/10\/maxresdefault.jpg\" class=\"attachment-full size-full\" alt=\"\" srcset=\"https:\/\/mariage.lacombe.world\/wp-content\/uploads\/2025\/10\/maxresdefault.jpg 1280w, https:\/\/mariage.lacombe.world\/wp-content\/uploads\/2025\/10\/maxresdefault-300x169.jpg 300w, https:\/\/mariage.lacombe.world\/wp-content\/uploads\/2025\/10\/maxresdefault-1024x576.jpg 1024w, https:\/\/mariage.lacombe.world\/wp-content\/uploads\/2025\/10\/maxresdefault-768x432.jpg 768w\" sizes=\"auto, (max-width: 1280px) 100vw, 1280px\" \/>                <\/li>\n                        <\/ul>\n        <\/div>\n    <\/div>\n    <div class=\"mkd-static-text-slider-text-holder\">\n        <div class=\"mkd-static-text-slider-text\">\n            <div class=\"mkd-static-text-slider-text-inner\">\n                                    <h3> 22h30 - Soir\u00e9e dansante<\/h3>\n                                                    <p> Place \u00e0 la f\u00eate ! Danse, musique et bonheur partag\u00e9 La salle devra \u00eatre lib\u00e9r\u00e9e \u00e0 2h00.<\/p>\n                                            <\/div>\n        <\/div>\n    <\/div>\n<\/div>[vc_empty_space height=\u00a0\u00bb30px\u00a0\u00bb css=\u00a0\u00bb.vc_custom_1761220489542{margin-top: 30px !important;}\u00a0\u00bb]\n<div class=\"mkd-custom-font-holder\" style=\"font-family: Raleway;font-size: 48px;line-height: 58px;font-weight: 400;text-transform: Uppercase;text-align: left;color: #4A3E5A\" data-font-size= 48  data-line-height= 58>\nDimanche 21 juin<\/div><div class=\"mkd-static-text-slider-holder\">\n    <div class=\"mkd-static-text-slider-images-holder\">\n        <div class=\"flexslider\">\n            <ul class=\"slides\">\n                            <li>\n                    <img loading=\"lazy\" decoding=\"async\" width=\"2560\" height=\"1920\" src=\"https:\/\/mariage.lacombe.world\/wp-content\/uploads\/2025\/10\/maison-scaled.jpg\" class=\"attachment-full size-full\" alt=\"\" srcset=\"https:\/\/mariage.lacombe.world\/wp-content\/uploads\/2025\/10\/maison-scaled.jpg 2560w, https:\/\/mariage.lacombe.world\/wp-content\/uploads\/2025\/10\/maison-300x225.jpg 300w, https:\/\/mariage.lacombe.world\/wp-content\/uploads\/2025\/10\/maison-1024x768.jpg 1024w, https:\/\/mariage.lacombe.world\/wp-content\/uploads\/2025\/10\/maison-768x576.jpg 768w, https:\/\/mariage.lacombe.world\/wp-content\/uploads\/2025\/10\/maison-1536x1152.jpg 1536w, https:\/\/mariage.lacombe.world\/wp-content\/uploads\/2025\/10\/maison-800x600.jpg 800w\" sizes=\"auto, (max-width: 2560px) 100vw, 2560px\" \/>                <\/li>\n                        <\/ul>\n        <\/div>\n    <\/div>\n    <div class=\"mkd-static-text-slider-text-holder\">\n        <div class=\"mkd-static-text-slider-text\">\n            <div class=\"mkd-static-text-slider-text-inner\">\n                                    <h3> \u00e0 partir de 11h - Brunch<\/h3>\n                                                    <p> Chez nous ! Histoire de se remettre de la soir\u00e9e\u2026<\/p>\n                                            <\/div>\n        <\/div>\n    <\/div>\n<\/div>\t\t<\/div>\n\t<\/div>\n<\/div><\/div>[vc_empty_space height=\u00a0\u00bb30px\u00a0\u00bb css=\u00a0\u00bb.vc_custom_1761218225224{margin-top: 30px !important;}\u00a0\u00bb]<div class=\"mkd-elements-holder mkd-three-columns mkd-responsive-mode-768\" ><div class=\"mkd-elements-holder-item mkd-vertical-alignment-top mkd-horizontal-alignment-left\" data-item-class=\"mkd-elements-holder-custom-748603\" >\n\t<div class=\"mkd-elements-holder-item-inner\" style=\"mkd-elements-holder-item-inner\">\n\t\t<div class=\"mkd-elements-holder-item-content mkd-elements-holder-custom-748603\" style=\"padding: 20px 10px 10px 10px\">\n\t\t\t\n<div class=\"mkd-custom-font-holder\" style=\"font-family: Raleway;font-size: 32px;line-height: 42px;font-weight: 400;text-transform: Uppercase;text-align: left;color: #000000\" data-font-size= 32  data-line-height= 42>\nC\u00e9r\u00e9monie<\/div>[vc_goo_maps location=\u00a0\u00bbChateau Ermittage Gradignan\u00a0\u00bb zoom=\u00a0\u00bb14&Prime; css=\u00a0\u00bb\u00a0\u00bb][vc_column_text css=\u00a0\u00bb\u00a0\u00bb]Ch\u00e2teau l&rsquo;Ermittage<br \/>\nSalle des Mariages<br \/>\n26, avenue Jean Larrieu<br \/>\n33170 GRADIGNAN[\/vc_column_text]\t\t<\/div>\n\t<\/div>\n<\/div><div class=\"mkd-elements-holder-item mkd-vertical-alignment-top mkd-horizontal-alignment-left\" data-item-class=\"mkd-elements-holder-custom-306894\" >\n\t<div class=\"mkd-elements-holder-item-inner\" style=\"mkd-elements-holder-item-inner\">\n\t\t<div class=\"mkd-elements-holder-item-content mkd-elements-holder-custom-306894\" style=\"padding: 20px 10px 10px 10px\">\n\t\t\t\n<div class=\"mkd-custom-font-holder\" style=\"font-family: Raleway;font-size: 32px;line-height: 42px;font-weight: 400;text-transform: Uppercase;text-align: left;color: #000000\" data-font-size= 32  data-line-height= 42>\nR\u00e9ception<\/div>[vc_goo_maps location=\u00a0\u00bbChateau Smith Haut Lafitte Martillac\u00a0\u00bb zoom=\u00a0\u00bb14&Prime; css=\u00a0\u00bb\u00a0\u00bb][vc_column_text css=\u00a0\u00bb\u00a0\u00bb]Ch\u00e2teau Smith Haut Lafitte<br \/>\n33650 MARTILLAC[\/vc_column_text]\t\t<\/div>\n\t<\/div>\n<\/div><div class=\"mkd-elements-holder-item mkd-vertical-alignment-top mkd-horizontal-alignment-left\" data-item-class=\"mkd-elements-holder-custom-164962\" >\n\t<div class=\"mkd-elements-holder-item-inner\" style=\"mkd-elements-holder-item-inner\">\n\t\t<div class=\"mkd-elements-holder-item-content mkd-elements-holder-custom-164962\" style=\"padding: 20px 10px 10px 10px\">\n\t\t\t\n<div class=\"mkd-custom-font-holder\" style=\"font-family: Raleway;font-size: 32px;line-height: 42px;font-weight: 400;text-transform: Uppercase;text-align: left;color: #000000\" data-font-size= 32  data-line-height= 42>\nBrunch<\/div>[vc_goo_maps location=\u00a0\u00bb17 chemin du solarium Gradignan\u00a0\u00bb zoom=\u00a0\u00bb14&Prime; css=\u00a0\u00bb\u00a0\u00bb][vc_column_text css=\u00a0\u00bb\u00a0\u00bb]17 chemin du Solarium<br \/>\n33170 GRADIGNAN[\/vc_column_text]\t\t<\/div>\n\t<\/div>\n<\/div><\/div>[\/vc_column][vc_column width=\u00a0\u00bb1\/6&Prime;]<div class=\"mkd-elements-holder mkd-responsive-mode-768\" ><div class=\"mkd-elements-holder-item mkd-horizontal-alignment-left\" data-item-class=\"mkd-elements-holder-custom-523160\" >\n\t<div class=\"mkd-elements-holder-item-inner\" style=\"mkd-elements-holder-item-inner\">\n\t\t<div class=\"mkd-elements-holder-item-content mkd-elements-holder-custom-523160\" style=\"padding: 60px 0px 0px 0px\">\n\t\t\t[vc_single_image image=\u00a0\u00bb103&Prime; img_size=\u00a0\u00bbfull\u00a0\u00bb css=\u00a0\u00bb\u00a0\u00bb]\t\t<\/div>\n\t<\/div>\n<\/div><\/div>[\/vc_column][\/vc_row]\n<\/div>","protected":false},"excerpt":{"rendered":"<p>[vc_row][vc_column width=\u00a0\u00bb5\/6&Prime;][vc_empty_space height=\u00a0\u00bb30px\u00a0\u00bb css=\u00a0\u00bb.vc_custom_1761218225224{margin-top: 30px !important;}\u00a0\u00bb][\/vc_column][vc_column width=\u00a0\u00bb1\/6&Prime;][\/vc_column][\/vc_row]<\/p>\n","protected":false},"author":1,"featured_media":0,"parent":0,"menu_order":0,"comment_status":"closed","ping_status":"closed","template":"","meta":{"footnotes":""},"class_list":["post-11934","page","type-page","status-publish","hentry"],"_links":{"self":[{"href":"https:\/\/mariage.lacombe.world\/index.php?rest_route=\/wp\/v2\/pages\/11934","targetHints":{"allow":["GET"]}}],"collection":[{"href":"https:\/\/mariage.lacombe.world\/index.php?rest_route=\/wp\/v2\/pages"}],"about":[{"href":"https:\/\/mariage.lacombe.world\/index.php?rest_route=\/wp\/v2\/types\/page"}],"author":[{"embeddable":true,"href":"https:\/\/mariage.lacombe.world\/index.php?rest_route=\/wp\/v2\/users\/1"}],"replies":[{"embeddable":true,"href":"https:\/\/mariage.lacombe.world\/index.php?rest_route=%2Fwp%2Fv2%2Fcomments&post=11934"}],"version-history":[{"count":39,"href":"https:\/\/mariage.lacombe.world\/index.php?rest_route=\/wp\/v2\/pages\/11934\/revisions"}],"predecessor-version":[{"id":12353,"href":"https:\/\/mariage.lacombe.world\/index.php?rest_route=\/wp\/v2\/pages\/11934\/revisions\/12353"}],"wp:attachment":[{"href":"https:\/\/mariage.lacombe.world\/index.php?rest_route=%2Fwp%2Fv2%2Fmedia&parent=11934"}],"curies":[{"name":"wp","href":"https:\/\/api.w.org\/{rel}","templated":true}]}}